{"id":9,"date":"2017-08-01T13:53:05","date_gmt":"2017-08-01T11:53:05","guid":{"rendered":"http:\/\/noelle.fmp-connect.de\/?page_id=9"},"modified":"2018-07-23T16:31:36","modified_gmt":"2018-07-23T14:31:36","slug":"finanzierung","status":"publish","type":"page","link":"https:\/\/noelle-automobile.de\/en\/finanzierung\/","title":{"rendered":"Finanzierung"},"content":{"rendered":"<style type=\"text\/css\">.streak.streak-photo{background-attachment:unset !important;}<\/style>\n<p style=\"text-align: center;\">Gerne lassen wir Ihnen ein individuelles Finanzierungsangebot durch eine unserer Partnerbanken erstellen.<\/p>\n<p><!--more--><\/p>\n<div class=\"row pt-3\">\n<div class=\"col-xs-12 col-md-2\"><img decoding=\"async\" class=\"img-fluid\" src=\"\/wp-content\/uploads\/PFS.png\" \/><\/div>\n<div class=\"col-xs-12 col-md-8 push-md-1\">\n<p>Die BMW Bank GmbH ist Teil von BMW Group Financial Services. Weltweit umfasst BMW Group Financial Services \u00fcber 50 Gesellschaften und Kooperationen mit lokalen Finanzdienstleistern und Importeuren auf allen Kontinenten. BMW Group Financial Services z\u00e4hlt zu den f\u00fchrenden Finanzdienstleistern im Automobilsektor. Heute stehen Privat- und Gesch\u00e4ftskunden vielf\u00e4ltige Optionen in den klassischen Sparten Leasing, Finanzierung und Versicherungen zur Auswahl.<\/p>\n<\/div>\n<\/div>\n<hr \/>\n<div class=\"row\">\n<div class=\"col-xs-12 col-md-2\"><img decoding=\"async\" class=\"img-fluid\" src=\"\/wp-content\/uploads\/santander.png\" \/><\/div>\n<div class=\"col-xs-12 col-md-8 push-md-1\">\n<p>Santander hat weltweit mehr als 121 Millionen Kunden, 13.000 Filialen \u2013 mehr als jede andere internationale Bank. Mit 324 Filialen und rund 6,1 Millionen Kunden befindet sich die Santander Consumer Bank AG unter den Top 5 der privaten Banken in Deutschland. Wir bieten Ihnen zeitgem\u00e4\u00dfe Anlage- und Finanzierungsl\u00f6sungen. Die Santander Bank bietet attraktive Angebote zur Konsumg\u00fcterfinanzierung.<\/p>\n<\/div>\n<\/div>\n<hr \/>\n<div class=\"row\">\n<div class=\"col-xs-12 col-md-2\"><img decoding=\"async\" class=\"img-fluid\" src=\"\/wp-content\/uploads\/skf.png\" \/><\/div>\n<div class=\"col-xs-12 col-md-8 push-md-1\">\n<p>Die akf bank ist der traditionsreiche und zugleich innovative Spezialfinanzierer f\u00fcr Kraftfahrzeuge. Als Autobank bieten wir vielf\u00e4ltige L\u00f6sungen zur Kundenfinanzierung. Zuverl\u00e4ssige Versicherungsprodukte runden unser Portfolio ab. Auf dieser Basis sind wir Ihr Finanzpartner f\u00fcr erfolgreiches unternehmerisches Handeln und langfristige, tragf\u00e4hige Kundenbeziehungen.Sie m\u00f6chten mehr \u00fcber die Vorteile der Zusammenarbeit mit der akf bank erfahren? Wir freuen uns auf ein Gespr\u00e4ch.<\/p>\n<\/div>\n<\/div>\n<hr \/>\n<div class=\"row\">\n<div class=\"col-xs-12 col-md-2\"><img decoding=\"async\" class=\"img-fluid\" src=\"\/wp-content\/uploads\/bank11-e1501616659204.png\" \/><\/div>\n<div class=\"col-xs-12 col-md-8 push-md-1\">\n<p>Eines der wesentlichen Bed\u00fcrfnisse eines jeden Menschen ist das Streben nach Mobilit\u00e4t. Die Bank11, als markenunabh\u00e4ngige Bank, stellt dieses Leitmotiv t\u00e4glich in den Vordergrund ihres Handelns und m\u00f6chte es f\u00fcr jeden Menschen erlebbar machen. Sie bietet Ihren Kunden unterschiedlichste Varianten der Kraftfahrzeugfinanzierung, bis hin zur Reparatur- und Zubeh\u00f6rfinanzierung.<\/p>\n<\/div>\n<\/div>\n<hr \/>\n<div class=\"row\">\n<div class=\"col-xs-12 col-md-2\"><img decoding=\"async\" class=\"img-fluid\" src=\"\/wp-content\/uploads\/targobank.png\" \/><\/div>\n<div class=\"col-xs-12 col-md-8 push-md-1\">\n<p>Seit fast 90 Jahren ist die TARGOBANK die Bank f\u00fcr Privatkunden in Deutschland. Der Schwerpunkt liegt aufeinfachen, attraktiven Bankprodukten, gutem Service sowie auf einer langfristigen und nachhaltigen Entwicklung. Die TARGOBANK bietet Ihren Kunden einfach gute Produkte und Services \u2013 das best\u00e4tigen eine Vielzahl von unabh\u00e4ngigen Auszeichnungen<\/p>\n<\/div>\n<\/div>\n<hr \/>\n<div class=\"row\">\n<div class=\"col-xs-12 col-md-2\"><img decoding=\"async\" class=\"img-fluid\" src=\"\/wp-content\/uploads\/comerz.png\" \/><\/div>\n<div class=\"col-xs-12 col-md-8 push-md-1\">\n<p>Geben Sie jetzt Gas und genie\u00dfen Sie freie Fahrt zu Ihrem Traumwagen \u2013 mit dem g\u00fcnstigen Autokredit. So k\u00f6nnen Sie auch gleich doppelt sparen: Denn neben niedrigen Zinsen k\u00f6nnen Sie sich auch satte Barzahlerrabatte sichern. Der Autokredit ist so individuell wie Sie. Sie k\u00f6nnen sowohl die Kreditsumme als auch die Laufzeit ganz nach Ihren pers\u00f6nlichen Vorstellungen und M\u00f6glichkeiten ausw\u00e4hlen.<\/p>\n<\/div>\n<\/div>\n","protected":false},"excerpt":{"rendered":"<p>Gerne lassen wir Ihnen ein individuelles Finanzierungsangebot durch eine unserer Partnerbanken erstellen.<\/p>\n<a class=\"btn btn-fmp waves-effect waves-light\" href=\"https:\/\/noelle-automobile.de\/en\/finanzierung\/\"><i class=\"fa fa-clone left\" style=\"font-size:1rem;\"><\/i> mehr<\/a>","protected":false},"author":1,"featured_media":328,"parent":0,"menu_order":0,"comment_status":"closed","ping_status":"closed","template":"","meta":[],"translation":{"provider":"WPGlobus","version":"2.10.10","language":"en","enabled_languages":["de","en"],"languages":{"de":{"title":true,"content":true,"excerpt":false},"en":{"title":false,"content":false,"excerpt":false}}},"_links":{"self":[{"href":"https:\/\/noelle-automobile.de\/en\/wp-json\/wp\/v2\/pages\/9"}],"collection":[{"href":"https:\/\/noelle-automobile.de\/en\/wp-json\/wp\/v2\/pages"}],"about":[{"href":"https:\/\/noelle-automobile.de\/en\/wp-json\/wp\/v2\/types\/page"}],"author":[{"embeddable":true,"href":"https:\/\/noelle-automobile.de\/en\/wp-json\/wp\/v2\/users\/1"}],"replies":[{"embeddable":true,"href":"https:\/\/noelle-automobile.de\/en\/wp-json\/wp\/v2\/comments?post=9"}],"version-history":[{"count":63,"href":"https:\/\/noelle-automobile.de\/en\/wp-json\/wp\/v2\/pages\/9\/revisions"}],"predecessor-version":[{"id":503,"href":"https:\/\/noelle-automobile.de\/en\/wp-json\/wp\/v2\/pages\/9\/revisions\/503"}],"wp:featuredmedia":[{"embeddable":true,"href":"https:\/\/noelle-automobile.de\/en\/wp-json\/wp\/v2\/media\/328"}],"wp:attachment":[{"href":"https:\/\/noelle-automobile.de\/en\/wp-json\/wp\/v2\/media?parent=9"}],"curies":[{"name":"wp","href":"https:\/\/api.w.org\/{rel}","templated":true}]}}