{"id":4,"date":"2017-08-01T13:50:57","date_gmt":"2017-08-01T11:50:57","guid":{"rendered":"http:\/\/noelle.fmp-connect.de\/?page_id=4"},"modified":"2020-04-28T13:47:48","modified_gmt":"2020-04-28T11:47:48","slug":"fahrzeuge","status":"publish","type":"page","link":"https:\/\/noelle-automobile.de\/en\/fahrzeuge\/","title":{"rendered":"Fahrzeuge"},"content":{"rendered":"<div class=\"row\">\n<div class=\"col-md-8 col-xs-12\"><strong>Hinweis<\/strong>:<br \/>\nDer nachfolgende Link (Iframe) \u00f6ffnet eine Website f\u00fcr dessen Inhalt wir nicht verantwortlich sind und<br \/>\nauf die unsere Datenschutzbestimmungen keine Anwendung finden.<\/div>\n<\/div>\n<div class=\"row\">\n<div class=\"col-md-8 col-xs-12\">\n<p><iframe loading=\"lazy\" id=\"iFrameResizer0\" class=\"iframe-class\" src=\"https:\/\/home.mobile.de\/home\/index.html?partnerHead=false&#038;colorTheme=default&#038;customerId=470862\" width=\"100%\" height=\"1500\" frameborder=\"0\"><\/iframe><\/p>\n<\/div>\n<div class=\"col-md-4 col-xs-12\">\n<div class=\"card\">\n<div class=\"card-block\">\n<div class=\"form-header fmp-color\">\n<h4><i class=\"fa fa-search\"><\/i> Passendes Fahrzeug nicht gefunden?<\/h4>\n<\/div>\n<div class=\"card-body\">Vom Kleinwagen bis zum sportlichen Exoten, \u00fcber unser gro\u00dfes Netzwerk k\u00f6nnen wir fast jeden Wunsch realisieren!Wenn Sie heute nicht das passende Fahrzeug gefunden haben, schreiben Sie uns eine Email oder rufen Sie uns an. Wir werden gerne versuchen Ihr Wunschfahrzeug f\u00fcr Sie zu finden.<\/p>\n<p><i class=\"fa fa-envelope\"><\/i> <a href=\"mailto:info@noelle-automobile.de\">info@noelle-automobile.de<\/a><\/p>\n<p><i class=\"fa fa-phone\"><\/i> +49 202 707515<\/p>\n<p><i class=\"fa fa-fax\"><\/i> +49 202 7052401<\/p>\n<p><img decoding=\"async\" src=\"https:\/\/noelle-automobile.de\/wp-content\/uploads\/Kundenbewertung-5.0original.jpeg\" class=\"img-fluid z-depth-2\" alt=\"\"><br \/>\n<img decoding=\"async\" src=\"https:\/\/noelle-automobile.de\/wp-content\/uploads\/15-Jahre-3.jpeg\" class=\"img-fluid z-depth-2\" alt=\"\"><br \/>\n<img decoding=\"async\" src=\"https:\/\/noelle-automobile.de\/wp-content\/uploads\/BVfK-Mitglieder-Logo_250x286.png\" class=\"img-fluid z-depth-2\" alt=\"\">\n<\/div>\n<\/div>\n<\/div>\n<\/div>\n<\/div>\n","protected":false},"excerpt":{"rendered":"<p>Hinweis: Der nachfolgende Link (Iframe) \u00f6ffnet eine Website f\u00fcr dessen Inhalt wir nicht verantwortlich sind und auf die unsere Datenschutzbestimmungen keine Anwendung finden. Passendes Fahrzeug nicht gefunden? Vom Kleinwagen bis zum sportlichen Exoten, \u00fcber unser gro\u00dfes Netzwerk k\u00f6nnen wir fast jeden Wunsch realisieren!Wenn Sie heute nicht das passende Fahrzeug gefunden haben, schreiben Sie uns eine [&hellip;]<\/p>\n<a class=\"btn btn-fmp waves-effect waves-light\" href=\"https:\/\/noelle-automobile.de\/en\/fahrzeuge\/\"><i class=\"fa fa-clone left\" style=\"font-size:1rem;\"><\/i> mehr<\/a>","protected":false},"author":1,"featured_media":0,"parent":0,"menu_order":0,"comment_status":"closed","ping_status":"closed","template":"","meta":[],"translation":{"provider":"WPGlobus","version":"2.10.10","language":"en","enabled_languages":["de","en"],"languages":{"de":{"title":true,"content":true,"excerpt":false},"en":{"title":false,"content":false,"excerpt":false}}},"_links":{"self":[{"href":"https:\/\/noelle-automobile.de\/en\/wp-json\/wp\/v2\/pages\/4"}],"collection":[{"href":"https:\/\/noelle-automobile.de\/en\/wp-json\/wp\/v2\/pages"}],"about":[{"href":"https:\/\/noelle-automobile.de\/en\/wp-json\/wp\/v2\/types\/page"}],"author":[{"embeddable":true,"href":"https:\/\/noelle-automobile.de\/en\/wp-json\/wp\/v2\/users\/1"}],"replies":[{"embeddable":true,"href":"https:\/\/noelle-automobile.de\/en\/wp-json\/wp\/v2\/comments?post=4"}],"version-history":[{"count":26,"href":"https:\/\/noelle-automobile.de\/en\/wp-json\/wp\/v2\/pages\/4\/revisions"}],"predecessor-version":[{"id":521,"href":"https:\/\/noelle-automobile.de\/en\/wp-json\/wp\/v2\/pages\/4\/revisions\/521"}],"wp:attachment":[{"href":"https:\/\/noelle-automobile.de\/en\/wp-json\/wp\/v2\/media?parent=4"}],"curies":[{"name":"wp","href":"https:\/\/api.w.org\/{rel}","templated":true}]}}