{"id":15,"date":"2017-08-01T13:54:17","date_gmt":"2017-08-01T11:54:17","guid":{"rendered":"http:\/\/noelle.fmp-connect.de\/?page_id=15"},"modified":"2017-08-01T13:54:17","modified_gmt":"2017-08-01T11:54:17","slug":"unser-service","status":"publish","type":"page","link":"https:\/\/noelle-automobile.de\/en\/unser-service\/","title":{"rendered":"Unser Service"},"content":{"rendered":"<h3>Exportservice<\/h3>\n<p>Wer ein Fahrzeug exportieren m\u00f6chte, muss verschiedene Formalit\u00e4ten bez\u00fcglich der zollamtlichen Best\u00e4tigungen und der steuerrechtlichen Gegebenheiten beachten. Ganz gleich ob Sie Ihr Fahrzeug innerhalb der EU oder nach \u00dcbersee exportieren m\u00f6chten. Wir helfen Ihnen gerne bei der Erledigung aller notwendigen Formalit\u00e4ten: Ausfuhranmeldung, \u00dcbereinstimmungsbescheinigung, EURO 1, Lieferantenerkl\u00e4rung, Kurzzeit- oder Zollkennzeichen, Netto-Rechnung auf Basis der wei\u00dfen Spediteurbescheinigung oder auf Basis der Umsatzsteuer Identifikationsnummer.<\/p>\n<h3>Garantieservice<\/h3>\n<p>Mit einer guten Gebrauchtwagen- oder Anschlu\u00dfgarantie sind Sie garantiert auf der sicheren Seite, auch und vor allem nach Ablauf der Werksgarantien der Hersteller und der Sachm\u00e4ngelhaftung des H\u00e4ndlers. Denn dann ist auch weiterhin die Funktionsf\u00e4higkeit bestimmter Bauteile \u00fcber einen vereinbarten Zeitraum abgesichert. Die Gebrauchtwagengarantie \u00fcbernimmt die Kosten nach bestimmten Sch\u00e4den komplett oder anteilig. Aber Vorsicht! Der Umfang einer Gebrauchtwagengaranie variiert von Anbieter zu Anbieter, da es keine gesetzliche Grundlagen gibt. Wir empfehlen Ihnen gerne das f\u00fcr Ihre Anforderung beste Garantie-Partnerunternehmen.<\/p>\n<h3>Ankauf-Service<\/h3>\n<p>Sie m\u00f6chten Ihren \u201cAlten\u201d in Zahlung geben oder einfach nur verkaufen? Kein Problem. Wir machen Ihnen gerne ein unverbindliches Angebot. Schnell und unkompliziert. Sportwagen oder Transporter. Kleinwagen oder Luxuslimousine. Wir kaufen Fahrzeuge jeder Preiskategorie an. Wir l\u00f6sen ihre Finanzierung ab und wenn Ihr Fahrzeug einen Unfall-, Motor- oder Getriebeschaden hat, dann ist auch das kein Problem f\u00fcr uns. Wir machen Ihnen gerne ein Angebot.<\/p>\n<h3>Abhol- und Shuttleservice<\/h3>\n<p>Viele unserer Kunden kommen aus dem Europ\u00e4ischen Ausland oder aus \u00dcbersee zu uns. Wenn Sie mit dem Flugzeug zu uns kommen, dann holen wir sie gerne vom Flughafen in D\u00fcsseldorf, K\u00f6ln-Bonn oder Dortmund ab. Vereinbaren Sie einen Abholtermin mit uns. Wir freuen uns auf Sie.<\/p>\n<h3>Transportservice<\/h3>\n<p>Wenn Sie Ihr Fahrzeug nicht selber an den Bestimmungsort bringen m\u00f6chten, k\u00f6nnen wir das gerne f\u00fcr Sie organisieren. Wir unterst\u00fctzen Sie bei der Verschiffung oder per Flugzeug oder Cargo, um Ihnen einen entspannten und problemlosen Transport zu garantieren. Weltweit. Innerhalb Deutschlands bringen wir Ihnen Ihr Fahrzeug gegen Erstattung unserer Aufwandsentsch\u00e4digung selbstverst\u00e4ndlich auch bis vor die Haust\u00fcr.<\/p>\n","protected":false},"excerpt":{"rendered":"<p>Exportservice Wer ein Fahrzeug exportieren m\u00f6chte, muss verschiedene Formalit\u00e4ten bez\u00fcglich der zollamtlichen Best\u00e4tigungen und der steuerrechtlichen Gegebenheiten beachten. Ganz gleich ob Sie Ihr Fahrzeug innerhalb der EU oder nach \u00dcbersee exportieren m\u00f6chten. Wir helfen Ihnen gerne bei der Erledigung aller notwendigen Formalit\u00e4ten: Ausfuhranmeldung, \u00dcbereinstimmungsbescheinigung, EURO 1, Lieferantenerkl\u00e4rung, Kurzzeit- oder Zollkennzeichen, Netto-Rechnung auf Basis der wei\u00dfen [&hellip;]<\/p>\n<a class=\"btn btn-fmp waves-effect waves-light\" href=\"https:\/\/noelle-automobile.de\/en\/unser-service\/\"><i class=\"fa fa-clone left\" style=\"font-size:1rem;\"><\/i> mehr<\/a>","protected":false},"author":1,"featured_media":0,"parent":0,"menu_order":0,"comment_status":"closed","ping_status":"closed","template":"","meta":[],"translation":{"provider":"WPGlobus","version":"2.10.10","language":"en","enabled_languages":["de","en"],"languages":{"de":{"title":true,"content":true,"excerpt":false},"en":{"title":false,"content":false,"excerpt":false}}},"_links":{"self":[{"href":"https:\/\/noelle-automobile.de\/en\/wp-json\/wp\/v2\/pages\/15"}],"collection":[{"href":"https:\/\/noelle-automobile.de\/en\/wp-json\/wp\/v2\/pages"}],"about":[{"href":"https:\/\/noelle-automobile.de\/en\/wp-json\/wp\/v2\/types\/page"}],"author":[{"embeddable":true,"href":"https:\/\/noelle-automobile.de\/en\/wp-json\/wp\/v2\/users\/1"}],"replies":[{"embeddable":true,"href":"https:\/\/noelle-automobile.de\/en\/wp-json\/wp\/v2\/comments?post=15"}],"version-history":[{"count":2,"href":"https:\/\/noelle-automobile.de\/en\/wp-json\/wp\/v2\/pages\/15\/revisions"}],"predecessor-version":[{"id":502,"href":"https:\/\/noelle-automobile.de\/en\/wp-json\/wp\/v2\/pages\/15\/revisions\/502"}],"wp:attachment":[{"href":"https:\/\/noelle-automobile.de\/en\/wp-json\/wp\/v2\/media?parent=15"}],"curies":[{"name":"wp","href":"https:\/\/api.w.org\/{rel}","templated":true}]}}